{"id":39,"date":"2023-07-09T15:33:04","date_gmt":"2023-07-09T13:33:04","guid":{"rendered":"http:\/\/optimatrans.com\/?page_id=39"},"modified":"2023-07-09T16:48:21","modified_gmt":"2023-07-09T14:48:21","slug":"a-propos-dedulog","status":"publish","type":"page","link":"http:\/\/optimatrans.com\/index.php\/a-propos-dedulog\/","title":{"rendered":"A propos d&rsquo;EDULOG"},"content":{"rendered":"\n<h3 class=\"wp-block-heading\">Pourquoi nous choisir?<\/h3>\n\n\n\n<figure class=\"wp-block-image size-full wp-duotone-unset-1\"><a href=\"https:\/\/www.edulog.com\/\"><img loading=\"lazy\" decoding=\"async\" width=\"226\" height=\"223\" src=\"http:\/\/optimatrans.com\/wp-content\/uploads\/2023\/07\/Sans-titre.png\" alt=\"\" class=\"wp-image-26\"\/><\/a><\/figure>\n\n\n\n<ul class=\"has-base-color has-custom-edulog-background-color has-text-color has-background wp-block-list\">\n<li>Peu importe le nombre d&rsquo;\u00e9l\u00e8ves que vous transportez, nous g\u00e9rons !  Nos sites clients varient entre des districts scolaires qui transportent 57 \u00e9l\u00e8ves sur un seul v\u00e9hicule jusqu&rsquo;\u00e0 des districts plus grands qui transportent plus de 1.8 millions d&rsquo;\u00e9l\u00e8ves.<\/li>\n\n\n\n<li>Notre succ\u00e8s est prouv\u00e9 : Chaque jour, plus de 6 millions d&rsquo;\u00e9l\u00e8ves sont transport\u00e9s par nous outils, sur plus de 55 mille v\u00e9hicules qui naviguent gr\u00e2ce \u00e0 EDULOG.<\/li>\n\n\n\n<li>Clients autour du monde :  Nous sommes exp\u00e9riment\u00e9s sur des sites de grande taille \u00e0 New York, Los Angeles, Chicago, Miami, Toronto, France et en Arabie Saoudite.  <\/li>\n<\/ul>\n\n\n\n<figure class=\"wp-block-image size-large\"><img loading=\"lazy\" decoding=\"async\" width=\"1024\" height=\"239\" src=\"http:\/\/optimatrans.com\/wp-content\/uploads\/2023\/07\/metrics-1024x239.png\" alt=\"\" class=\"wp-image-40\" srcset=\"http:\/\/optimatrans.com\/wp-content\/uploads\/2023\/07\/metrics-1024x239.png 1024w, http:\/\/optimatrans.com\/wp-content\/uploads\/2023\/07\/metrics-300x70.png 300w, http:\/\/optimatrans.com\/wp-content\/uploads\/2023\/07\/metrics-768x179.png 768w, http:\/\/optimatrans.com\/wp-content\/uploads\/2023\/07\/metrics-1536x359.png 1536w, http:\/\/optimatrans.com\/wp-content\/uploads\/2023\/07\/metrics.png 1555w\" sizes=\"auto, (max-width: 1024px) 100vw, 1024px\" \/><\/figure>\n","protected":false},"excerpt":{"rendered":"<p>Pourquoi nous choisir?<\/p>\n","protected":false},"author":1,"featured_media":40,"parent":0,"menu_order":0,"comment_status":"closed","ping_status":"closed","template":"","meta":{"footnotes":""},"class_list":["post-39","page","type-page","status-publish","has-post-thumbnail","hentry"],"_links":{"self":[{"href":"http:\/\/optimatrans.com\/index.php\/wp-json\/wp\/v2\/pages\/39","targetHints":{"allow":["GET"]}}],"collection":[{"href":"http:\/\/optimatrans.com\/index.php\/wp-json\/wp\/v2\/pages"}],"about":[{"href":"http:\/\/optimatrans.com\/index.php\/wp-json\/wp\/v2\/types\/page"}],"author":[{"embeddable":true,"href":"http:\/\/optimatrans.com\/index.php\/wp-json\/wp\/v2\/users\/1"}],"replies":[{"embeddable":true,"href":"http:\/\/optimatrans.com\/index.php\/wp-json\/wp\/v2\/comments?post=39"}],"version-history":[{"count":3,"href":"http:\/\/optimatrans.com\/index.php\/wp-json\/wp\/v2\/pages\/39\/revisions"}],"predecessor-version":[{"id":57,"href":"http:\/\/optimatrans.com\/index.php\/wp-json\/wp\/v2\/pages\/39\/revisions\/57"}],"wp:featuredmedia":[{"embeddable":true,"href":"http:\/\/optimatrans.com\/index.php\/wp-json\/wp\/v2\/media\/40"}],"wp:attachment":[{"href":"http:\/\/optimatrans.com\/index.php\/wp-json\/wp\/v2\/media?parent=39"}],"curies":[{"name":"wp","href":"https:\/\/api.w.org\/{rel}","templated":true}]}}